{"id":303,"date":"2020-12-01T19:35:45","date_gmt":"2020-12-01T22:35:45","guid":{"rendered":"https:\/\/ramarodesign.com.br\/?page_id=303"},"modified":"2021-12-29T15:16:57","modified_gmt":"2021-12-29T18:16:57","slug":"obrigado","status":"publish","type":"page","link":"https:\/\/ramarodesign.com.br\/en\/obrigado\/","title":{"rendered":"Obrigado"},"content":{"rendered":"<div data-elementor-type=\"wp-page\" data-elementor-id=\"303\" class=\"elementor elementor-303\" data-elementor-settings=\"{&quot;ha_cmc_init_switcher&quot;:&quot;no&quot;}\" data-elementor-post-type=\"page\">\n\t\t\t\t\t\t<section class=\"elementor-section elementor-top-section elementor-element elementor-element-1c562c7 elementor-section-height-full elementor-section-boxed elementor-section-height-default elementor-section-items-middle\" data-id=\"1c562c7\" data-element_type=\"section\" data-settings=\"{&quot;background_background&quot;:&quot;classic&quot;,&quot;_ha_eqh_enable&quot;:false}\">\n\t\t\t\t\t\t\t<div class=\"elementor-background-overlay\"><\/div>\n\t\t\t\t\t\t\t<div class=\"elementor-container elementor-column-gap-default\">\n\t\t\t\t\t<div class=\"elementor-column elementor-col-100 elementor-top-column elementor-element elementor-element-33594b1\" data-id=\"33594b1\" data-element_type=\"column\">\n\t\t\t<div class=\"elementor-widget-wrap elementor-element-populated\">\n\t\t\t\t\t\t<div class=\"elementor-element elementor-element-f3ff6b5 elementor-widget elementor-widget-heading\" data-id=\"f3ff6b5\" data-element_type=\"widget\" data-widget_type=\"heading.default\">\n\t\t\t\t<div class=\"elementor-widget-container\">\n\t\t\t\t\t<h1 class=\"elementor-heading-title elementor-size-default\">OBRIGADO!<\/h1>\t\t\t\t<\/div>\n\t\t\t\t<\/div>\n\t\t\t\t<div class=\"elementor-element elementor-element-06c6d60 elementor-widget elementor-widget-heading\" data-id=\"06c6d60\" data-element_type=\"widget\" data-widget_type=\"heading.default\">\n\t\t\t\t<div class=\"elementor-widget-container\">\n\t\t\t\t\t<h2 class=\"elementor-heading-title elementor-size-default\">A Ramaro|Design agradece o seu contato. retornaremos o seu contato o mais breve poss\u00edvel!<\/h2>\t\t\t\t<\/div>\n\t\t\t\t<\/div>\n\t\t\t\t<div class=\"elementor-element elementor-element-eb38fec elementor-widget elementor-widget-html\" data-id=\"eb38fec\" data-element_type=\"widget\" data-widget_type=\"html.default\">\n\t\t\t\t<div class=\"elementor-widget-container\">\n\t\t\t\t\t<script>\nvar con = \"5513974193498\";\nvar Message = \"Ol\u00e1! Estava olhando o seu site, e gostaria de mais informa\u00e7\u00f5es sobre os servi\u00e7os!\";\n\nvar Message = Message.replace(\" \",\"%20\");\nvar query = location.search.slice(1);\nvar partes = query.split('&');\nvar data = {};\npartes.forEach(function (parte) {\n    var chaveValor = parte.split('=');\n    \n    var chave = chaveValor[0];\n    var valor = chaveValor[1];\n    data[chave] = valor;\n\t\n});\n\nconsole.log(data);\n\nif(data.con == \"yes\"){\n\tsetTimeout(function(){ \n\t\twindow.location.href = \"https:\/\/api.whatsapp.com\/send?phone=\"+con+\"&text=\"+Message; \n\t}, 2000);\n}else if(data.con == data.con){\n\twindow.location.href = \"tel:+\"+data.con;\n}\n<\/script>\t\t\t\t<\/div>\n\t\t\t\t<\/div>\n\t\t\t\t\t<\/div>\n\t\t<\/div>\n\t\t\t\t\t<\/div>\n\t\t<\/section>\n\t\t\t\t<\/div>","protected":false},"excerpt":{"rendered":"<p>OBRIGADO! A Ramaro|Design agradece o seu contato. retornaremos o seu contato o mais breve poss\u00edvel!<\/p>","protected":false},"author":1,"featured_media":0,"parent":0,"menu_order":0,"comment_status":"closed","ping_status":"closed","template":"","meta":{"site-sidebar-layout":"no-sidebar","site-content-layout":"page-builder","ast-site-content-layout":"default","site-content-style":"default","site-sidebar-style":"default","ast-global-header-display":"","ast-banner-title-visibility":"","ast-main-header-display":"","ast-hfb-above-header-display":"","ast-hfb-below-header-display":"","ast-hfb-mobile-header-display":"","site-post-title":"disabled","ast-breadcrumbs-content":"","ast-featured-img":"disabled","footer-sml-layout":"","theme-transparent-header-meta":"default","adv-header-id-meta":"","stick-header-meta":"default","header-above-stick-meta":"","header-main-stick-meta":"","header-below-stick-meta":"","astra-migrate-meta-layouts":"default","ast-page-background-enabled":"default","ast-page-background-meta":{"desktop":{"background-color":"","background-image":"","background-repeat":"repeat","background-position":"center center","background-size":"auto","background-attachment":"scroll","background-type":"","background-media":"","overlay-type":"","overlay-color":"","overlay-opacity":"","overlay-gradient":""},"tablet":{"background-color":"","background-image":"","background-repeat":"repeat","background-position":"center center","background-size":"auto","background-attachment":"scroll","background-type":"","background-media":"","overlay-type":"","overlay-color":"","overlay-opacity":"","overlay-gradient":""},"mobile":{"background-color":"","background-image":"","background-repeat":"repeat","background-position":"center center","background-size":"auto","background-attachment":"scroll","background-type":"","background-media":"","overlay-type":"","overlay-color":"","overlay-opacity":"","overlay-gradient":""}},"ast-content-background-meta":{"desktop":{"background-color":"var(--ast-global-color-5)","background-image":"","background-repeat":"repeat","background-position":"center center","background-size":"auto","background-attachment":"scroll","background-type":"","background-media":"","overlay-type":"","overlay-color":"","overlay-opacity":"","overlay-gradient":""},"tablet":{"background-color":"var(--ast-global-color-5)","background-image":"","background-repeat":"repeat","background-position":"center center","background-size":"auto","background-attachment":"scroll","background-type":"","background-media":"","overlay-type":"","overlay-color":"","overlay-opacity":"","overlay-gradient":""},"mobile":{"background-color":"var(--ast-global-color-5)","background-image":"","background-repeat":"repeat","background-position":"center center","background-size":"auto","background-attachment":"scroll","background-type":"","background-media":"","overlay-type":"","overlay-color":"","overlay-opacity":"","overlay-gradient":""}},"footnotes":""},"class_list":["post-303","page","type-page","status-publish","hentry"],"yoast_head":"<!-- This site is optimized with the Yoast SEO plugin v25.9 - https:\/\/yoast.com\/wordpress\/plugins\/seo\/ -->\n<title>Obrigado | Ramaro Design - Ag\u00eancia Digital em Santos<\/title>\n<meta name=\"robots\" content=\"index, follow, max-snippet:-1, max-image-preview:large, max-video-preview:-1\" \/>\n<link rel=\"canonical\" href=\"https:\/\/ramarodesign.com.br\/en\/obrigado\/\" \/>\n<meta property=\"og:locale\" content=\"en_US\" \/>\n<meta property=\"og:type\" content=\"article\" \/>\n<meta property=\"og:title\" content=\"Obrigado | Ramaro Design - Ag\u00eancia Digital em Santos\" \/>\n<meta property=\"og:description\" content=\"OBRIGADO! A Ramaro|Design agradece o seu contato. retornaremos o seu contato o mais breve poss\u00edvel!\" \/>\n<meta property=\"og:url\" content=\"https:\/\/ramarodesign.com.br\/en\/obrigado\/\" \/>\n<meta property=\"og:site_name\" content=\"Ramaro Design - Ag\u00eancia Digital em Santos\" \/>\n<meta property=\"article:publisher\" content=\"https:\/\/www.facebook.com\/ramarodesign\" \/>\n<meta property=\"article:modified_time\" content=\"2021-12-29T18:16:57+00:00\" \/>\n<meta name=\"twitter:card\" content=\"summary_large_image\" \/>\n<script type=\"application\/ld+json\" class=\"yoast-schema-graph\">{\"@context\":\"https:\/\/schema.org\",\"@graph\":[{\"@type\":\"WebPage\",\"@id\":\"https:\/\/ramarodesign.com.br\/obrigado\/\",\"url\":\"https:\/\/ramarodesign.com.br\/obrigado\/\",\"name\":\"Obrigado | Ramaro Design - Ag\u00eancia Digital em Santos\",\"isPartOf\":{\"@id\":\"https:\/\/ramarodesign.com.br\/#website\"},\"datePublished\":\"2020-12-01T22:35:45+00:00\",\"dateModified\":\"2021-12-29T18:16:57+00:00\",\"breadcrumb\":{\"@id\":\"https:\/\/ramarodesign.com.br\/obrigado\/#breadcrumb\"},\"inLanguage\":\"en-US\",\"potentialAction\":[{\"@type\":\"ReadAction\",\"target\":[\"https:\/\/ramarodesign.com.br\/obrigado\/\"]}]},{\"@type\":\"BreadcrumbList\",\"@id\":\"https:\/\/ramarodesign.com.br\/obrigado\/#breadcrumb\",\"itemListElement\":[{\"@type\":\"ListItem\",\"position\":1,\"name\":\"In\u00edcio\",\"item\":\"https:\/\/ramarodesign.com.br\/\"},{\"@type\":\"ListItem\",\"position\":2,\"name\":\"Obrigado\"}]},{\"@type\":\"WebSite\",\"@id\":\"https:\/\/ramarodesign.com.br\/#website\",\"url\":\"https:\/\/ramarodesign.com.br\/\",\"name\":\"Ramaro Design\",\"description\":\"A Ramaro Design \u00e9 uma ag\u00eancia digital em Santos que est\u00e1 no mercado desde 2013 fornecendo as melhores solu\u00e7\u00f5es quando o assunto \u00e9 marketing nas m\u00eddias digitais e impressas.\",\"publisher\":{\"@id\":\"https:\/\/ramarodesign.com.br\/#organization\"},\"potentialAction\":[{\"@type\":\"SearchAction\",\"target\":{\"@type\":\"EntryPoint\",\"urlTemplate\":\"https:\/\/ramarodesign.com.br\/?s={search_term_string}\"},\"query-input\":{\"@type\":\"PropertyValueSpecification\",\"valueRequired\":true,\"valueName\":\"search_term_string\"}}],\"inLanguage\":\"en-US\"},{\"@type\":\"Organization\",\"@id\":\"https:\/\/ramarodesign.com.br\/#organization\",\"name\":\"Ramaro Design\",\"url\":\"https:\/\/ramarodesign.com.br\/\",\"logo\":{\"@type\":\"ImageObject\",\"inLanguage\":\"en-US\",\"@id\":\"https:\/\/ramarodesign.com.br\/#\/schema\/logo\/image\/\",\"url\":\"https:\/\/ramarodesign.com.br\/wp-content\/uploads\/2020\/08\/2019_logo.svg\",\"contentUrl\":\"https:\/\/ramarodesign.com.br\/wp-content\/uploads\/2020\/08\/2019_logo.svg\",\"width\":1080,\"height\":1080,\"caption\":\"Ramaro Design\"},\"image\":{\"@id\":\"https:\/\/ramarodesign.com.br\/#\/schema\/logo\/image\/\"},\"sameAs\":[\"https:\/\/www.facebook.com\/ramarodesign\",\"https:\/\/instagram.com\/ramarodesign\",\"https:\/\/linkedin.com\/company\/ramarodesign\"]}]}<\/script>\n<!-- \/ Yoast SEO plugin. -->","yoast_head_json":{"title":"Obrigado | Ramaro Design - Ag\u00eancia Digital em Santos","robots":{"index":"index","follow":"follow","max-snippet":"max-snippet:-1","max-image-preview":"max-image-preview:large","max-video-preview":"max-video-preview:-1"},"canonical":"https:\/\/ramarodesign.com.br\/en\/obrigado\/","og_locale":"en_US","og_type":"article","og_title":"Obrigado | Ramaro Design - Ag\u00eancia Digital em Santos","og_description":"OBRIGADO! A Ramaro|Design agradece o seu contato. retornaremos o seu contato o mais breve poss\u00edvel!","og_url":"https:\/\/ramarodesign.com.br\/en\/obrigado\/","og_site_name":"Ramaro Design - Ag\u00eancia Digital em Santos","article_publisher":"https:\/\/www.facebook.com\/ramarodesign","article_modified_time":"2021-12-29T18:16:57+00:00","twitter_card":"summary_large_image","schema":{"@context":"https:\/\/schema.org","@graph":[{"@type":"WebPage","@id":"https:\/\/ramarodesign.com.br\/obrigado\/","url":"https:\/\/ramarodesign.com.br\/obrigado\/","name":"Obrigado | Ramaro Design - Ag\u00eancia Digital em Santos","isPartOf":{"@id":"https:\/\/ramarodesign.com.br\/#website"},"datePublished":"2020-12-01T22:35:45+00:00","dateModified":"2021-12-29T18:16:57+00:00","breadcrumb":{"@id":"https:\/\/ramarodesign.com.br\/obrigado\/#breadcrumb"},"inLanguage":"en-US","potentialAction":[{"@type":"ReadAction","target":["https:\/\/ramarodesign.com.br\/obrigado\/"]}]},{"@type":"BreadcrumbList","@id":"https:\/\/ramarodesign.com.br\/obrigado\/#breadcrumb","itemListElement":[{"@type":"ListItem","position":1,"name":"In\u00edcio","item":"https:\/\/ramarodesign.com.br\/"},{"@type":"ListItem","position":2,"name":"Obrigado"}]},{"@type":"WebSite","@id":"https:\/\/ramarodesign.com.br\/#website","url":"https:\/\/ramarodesign.com.br\/","name":"Ramaro Design","description":"A Ramaro Design \u00e9 uma ag\u00eancia digital em Santos que est\u00e1 no mercado desde 2013 fornecendo as melhores solu\u00e7\u00f5es quando o assunto \u00e9 marketing nas m\u00eddias digitais e impressas.","publisher":{"@id":"https:\/\/ramarodesign.com.br\/#organization"},"potentialAction":[{"@type":"SearchAction","target":{"@type":"EntryPoint","urlTemplate":"https:\/\/ramarodesign.com.br\/?s={search_term_string}"},"query-input":{"@type":"PropertyValueSpecification","valueRequired":true,"valueName":"search_term_string"}}],"inLanguage":"en-US"},{"@type":"Organization","@id":"https:\/\/ramarodesign.com.br\/#organization","name":"Ramaro Design","url":"https:\/\/ramarodesign.com.br\/","logo":{"@type":"ImageObject","inLanguage":"en-US","@id":"https:\/\/ramarodesign.com.br\/#\/schema\/logo\/image\/","url":"https:\/\/ramarodesign.com.br\/wp-content\/uploads\/2020\/08\/2019_logo.svg","contentUrl":"https:\/\/ramarodesign.com.br\/wp-content\/uploads\/2020\/08\/2019_logo.svg","width":1080,"height":1080,"caption":"Ramaro Design"},"image":{"@id":"https:\/\/ramarodesign.com.br\/#\/schema\/logo\/image\/"},"sameAs":["https:\/\/www.facebook.com\/ramarodesign","https:\/\/instagram.com\/ramarodesign","https:\/\/linkedin.com\/company\/ramarodesign"]}]}},"_links":{"self":[{"href":"https:\/\/ramarodesign.com.br\/en\/wp-json\/wp\/v2\/pages\/303","targetHints":{"allow":["GET"]}}],"collection":[{"href":"https:\/\/ramarodesign.com.br\/en\/wp-json\/wp\/v2\/pages"}],"about":[{"href":"https:\/\/ramarodesign.com.br\/en\/wp-json\/wp\/v2\/types\/page"}],"author":[{"embeddable":true,"href":"https:\/\/ramarodesign.com.br\/en\/wp-json\/wp\/v2\/users\/1"}],"replies":[{"embeddable":true,"href":"https:\/\/ramarodesign.com.br\/en\/wp-json\/wp\/v2\/comments?post=303"}],"version-history":[{"count":2,"href":"https:\/\/ramarodesign.com.br\/en\/wp-json\/wp\/v2\/pages\/303\/revisions"}],"predecessor-version":[{"id":2235,"href":"https:\/\/ramarodesign.com.br\/en\/wp-json\/wp\/v2\/pages\/303\/revisions\/2235"}],"wp:attachment":[{"href":"https:\/\/ramarodesign.com.br\/en\/wp-json\/wp\/v2\/media?parent=303"}],"curies":[{"name":"wp","href":"https:\/\/api.w.org\/{rel}","templated":true}]}}